{"id":1055,"date":"2026-02-05T11:56:30","date_gmt":"2026-02-05T11:56:30","guid":{"rendered":"https:\/\/britolopes.com.br\/?page_id=1055"},"modified":"2026-02-05T12:06:22","modified_gmt":"2026-02-05T12:06:22","slug":"instagram-2","status":"publish","type":"page","link":"https:\/\/britolopes.com.br\/?page_id=1055","title":{"rendered":"News"},"content":{"rendered":"\t\t<div data-elementor-type=\"wp-page\" data-elementor-id=\"1055\" class=\"elementor elementor-1055\" data-elementor-settings=\"{&quot;ha_cmc_init_switcher&quot;:&quot;no&quot;}\" data-elementor-post-type=\"page\">\n\t\t\t\t<div data-particle_enable=\"false\" data-particle-mobile-disabled=\"false\" class=\"elementor-element elementor-element-38e9275 e-flex e-con-boxed e-con e-parent\" data-id=\"38e9275\" data-element_type=\"container\" data-settings=\"{&quot;_ha_eqh_enable&quot;:false}\">\n\t\t\t\t\t<div class=\"e-con-inner\">\n\t\t\t\t<div class=\"elementor-element elementor-element-fd34f8f instafeed-gallery-eael-col-3 elementor-widget elementor-widget-eael-instafeed\" data-id=\"fd34f8f\" data-element_type=\"widget\" data-widget_type=\"eael-instafeed.default\">\n\t\t\t\t<div class=\"elementor-widget-container\">\n\t\t\t\t\t        <div class=\"eael-instafeed eael-instafeed-card eael-instafeed-card-outer eael-instafeed-square-img\" id=\"eael-instafeed-fd34f8f\">\n            <div class=\"eael-instafeed-item\">\n                        <div class=\"eael-instafeed-item-inner\">\n                            <header class=\"eael-instafeed-item-header clearfix\">\n                               <div class=\"eael-instafeed-item-user clearfix\"><a href=\"\/\/www.instagram.com\/britolopesadv\"><img decoding=\"async\" alt=\"Photo by britolopesadv\" src=\"https:\/\/britolopes.com.br\/wp-content\/uploads\/2025\/08\/LOGOS.png\" class=\"eael-instafeed-avatar\"><\/a><a href=\"\/\/www.instagram.com\/britolopesadv\"><p class=\"eael-instafeed-username\">britolopesadv<\/p><\/a><\/div><span class=\"eael-instafeed-icon\"><i class=\"fab fa-instagram\"><\/i><\/span><span class=\"eael-instafeed-post-time\"><i class=\"far fa-clock\"><\/i> 17 Apr 2026<\/span><\/header>\n                            <a href=\"https:\/\/www.instagram.com\/p\/DXO9YiGjNw-\/\" target=\"_blank\" class=\"eael-instafeed-item-content\">\n                                <img decoding=\"async\" alt=\"Photo by britolopesadv\" class=\"eael-instafeed-img\" src=\"https:\/\/scontent-atl3-2.cdninstagram.com\/v\/t39.30808-6\/672675383_122173705196945363_8813882976783468524_n.jpg?stp=dst-jpg_e35_tt6&amp;_nc_cat=105&amp;ccb=7-5&amp;_nc_sid=18de74&amp;efg=eyJlZmdfdGFnIjoiQ0FST1VTRUxfSVRFTS5iZXN0X2ltYWdlX3VybGdlbi5DMyJ9&amp;_nc_ohc=q0-kYfwpXQcQ7kNvwEwi7C4&amp;_nc_oc=AdrT1uCXxST_DdmOlHcNTNXlm57g1tZLJK418fXoCepc0t0aSFr9_MkDiKV24PMZojE&amp;_nc_zt=23&amp;_nc_ht=scontent-atl3-2.cdninstagram.com&amp;edm=ANo9K5cEAAAA&amp;_nc_gid=jGOHNEs2bigEosFm0bzqwA&amp;_nc_tpa=Q5bMBQEcwJCFHlu6ZOrfmo5JCwpxOYBAT6oGQ77LFYonKCx-bzs_AnO0RFgLPJmccqJhNsdWbkPyWebXWA&amp;oh=00_Af2-qFEv2IF1XnQZ4bnPRb7YswY2nOUgNiv_9orGFnRPJQ&amp;oe=69EA9AC2\"><\/a>\n                            <div class=\"eael-instafeed-item-footer\">\n                                <div class=\"clearfix\"><\/div><p class=\"eael-instafeed-caption-text\">\ud83d\udcc9 A Lego chegou perto da fal\u00eancia por decis\u00f5es estrat\u00e9...<\/p><\/div>\n                        <\/div>\n                    <\/div><div class=\"eael-instafeed-item\">\n                        <div class=\"eael-instafeed-item-inner\">\n                            <header class=\"eael-instafeed-item-header clearfix\">\n                               <div class=\"eael-instafeed-item-user clearfix\"><a href=\"\/\/www.instagram.com\/britolopesadv\"><img decoding=\"async\" alt=\"Photo by britolopesadv\" src=\"https:\/\/britolopes.com.br\/wp-content\/uploads\/2025\/08\/LOGOS.png\" class=\"eael-instafeed-avatar\"><\/a><a href=\"\/\/www.instagram.com\/britolopesadv\"><p class=\"eael-instafeed-username\">britolopesadv<\/p><\/a><\/div><span class=\"eael-instafeed-icon\"><i class=\"fab fa-instagram\"><\/i><\/span><span class=\"eael-instafeed-post-time\"><i class=\"far fa-clock\"><\/i> 15 Apr 2026<\/span><\/header>\n                            <a href=\"https:\/\/www.instagram.com\/p\/DXKIK62iTo1\/\" target=\"_blank\" class=\"eael-instafeed-item-content\">\n                                <img decoding=\"async\" alt=\"Photo by britolopesadv\" class=\"eael-instafeed-img\" src=\"https:\/\/scontent-atl3-1.cdninstagram.com\/v\/t39.30808-6\/671537714_122173703876945363_361862101625873952_n.jpg?stp=dst-jpg_e35_tt6&amp;_nc_cat=106&amp;ccb=7-5&amp;_nc_sid=18de74&amp;efg=eyJlZmdfdGFnIjoiRkVFRC5iZXN0X2ltYWdlX3VybGdlbi5DMyJ9&amp;_nc_ohc=43gSGntW6nsQ7kNvwEuWyIU&amp;_nc_oc=Adpl8JzCBjNgb2KutvFtJNCM9TFnSYpoTh2AcEt-qveHak1_B0HPyCtmV2fmDiGAmTQ&amp;_nc_zt=23&amp;_nc_ht=scontent-atl3-1.cdninstagram.com&amp;edm=ANo9K5cEAAAA&amp;_nc_gid=jGOHNEs2bigEosFm0bzqwA&amp;_nc_tpa=Q5bMBQHazL46vWoTfIq7IsZrGJh8IKc2bwFsjXW8sHxg3WWiqzwietR5G5mFo_NMr5uExTDD9G2yM-HYlw&amp;oh=00_Af1r-wrT52tfaPk37wQdpQpu9eDOR9oFD3EuMWPZ95Tm_w&amp;oe=69EAA3C5\"><\/a>\n                            <div class=\"eael-instafeed-item-footer\">\n                                <div class=\"clearfix\"><\/div><p class=\"eael-instafeed-caption-text\">\ud83d\udcca Institui\u00e7\u00f5es financeiras analisam dados, hist\u00f3rico e...<\/p><\/div>\n                        <\/div>\n                    <\/div><div class=\"eael-instafeed-item\">\n                        <div class=\"eael-instafeed-item-inner\">\n                            <header class=\"eael-instafeed-item-header clearfix\">\n                               <div class=\"eael-instafeed-item-user clearfix\"><a href=\"\/\/www.instagram.com\/britolopesadv\"><img decoding=\"async\" alt=\"Photo by britolopesadv\" src=\"https:\/\/britolopes.com.br\/wp-content\/uploads\/2025\/08\/LOGOS.png\" class=\"eael-instafeed-avatar\"><\/a><a href=\"\/\/www.instagram.com\/britolopesadv\"><p class=\"eael-instafeed-username\">britolopesadv<\/p><\/a><\/div><span class=\"eael-instafeed-icon\"><i class=\"fab fa-instagram\"><\/i><\/span><span class=\"eael-instafeed-post-time\"><i class=\"far fa-clock\"><\/i> 14 Apr 2026<\/span><\/header>\n                            <a href=\"https:\/\/www.instagram.com\/p\/DXHb0DKkhGd\/\" target=\"_blank\" class=\"eael-instafeed-item-content\">\n                                <img decoding=\"async\" alt=\"Photo by britolopesadv\" class=\"eael-instafeed-img\" src=\"https:\/\/scontent-atl3-2.cdninstagram.com\/v\/t39.30808-6\/671725566_122173702784945363_8474919773397207499_n.jpg?stp=dst-jpg_e35_tt6&amp;_nc_cat=102&amp;ccb=7-5&amp;_nc_sid=18de74&amp;efg=eyJlZmdfdGFnIjoiRkVFRC5iZXN0X2ltYWdlX3VybGdlbi5DMyJ9&amp;_nc_ohc=UeIEbne8X4EQ7kNvwG4WfnN&amp;_nc_oc=AdrwnSAju8uTYSh2R77SpehmNciFVgqRkqs_UGEFBcrHjuYJw6scrYAbrQm1FXn3UJA&amp;_nc_zt=23&amp;_nc_ht=scontent-atl3-2.cdninstagram.com&amp;edm=ANo9K5cEAAAA&amp;_nc_gid=jGOHNEs2bigEosFm0bzqwA&amp;_nc_tpa=Q5bMBQHoYTNFPN1lmyLYexEccKlzNDOfBY-P8pEgCk9_wUwLouwTBhB5eyMw9yCUcARX8E1L_HuBxc3Peg&amp;oh=00_Af0K3MRVNWL_QNB3C-zG27qoXLFKl4n3viZIvE3-GyBOuw&amp;oe=69EABA61\"><\/a>\n                            <div class=\"eael-instafeed-item-footer\">\n                                <div class=\"clearfix\"><\/div><p class=\"eael-instafeed-caption-text\">A Americanas deu um novo passo em seu processo de reestrutur...<\/p><\/div>\n                        <\/div>\n                    <\/div><div class=\"eael-instafeed-item\">\n                        <div class=\"eael-instafeed-item-inner\">\n                            <header class=\"eael-instafeed-item-header clearfix\">\n                               <div class=\"eael-instafeed-item-user clearfix\"><a href=\"\/\/www.instagram.com\/britolopesadv\"><img decoding=\"async\" alt=\"Photo by britolopesadv\" src=\"https:\/\/britolopes.com.br\/wp-content\/uploads\/2025\/08\/LOGOS.png\" class=\"eael-instafeed-avatar\"><\/a><a href=\"\/\/www.instagram.com\/britolopesadv\"><p class=\"eael-instafeed-username\">britolopesadv<\/p><\/a><\/div><span class=\"eael-instafeed-icon\"><i class=\"fab fa-instagram\"><\/i><\/span><span class=\"eael-instafeed-post-time\"><i class=\"far fa-clock\"><\/i> 10 Apr 2026<\/span><\/header>\n                            <a href=\"https:\/\/www.instagram.com\/p\/DW87k_FiDSD\/\" target=\"_blank\" class=\"eael-instafeed-item-content\">\n                                <img decoding=\"async\" alt=\"Photo by britolopesadv\" class=\"eael-instafeed-img\" src=\"https:\/\/scontent-atl3-1.cdninstagram.com\/v\/t39.30808-6\/652684062_122168867744945363_1000765781386572960_n.jpg?stp=dst-jpg_e35_tt6&amp;_nc_cat=103&amp;ccb=7-5&amp;_nc_sid=18de74&amp;efg=eyJlZmdfdGFnIjoiRkVFRC5iZXN0X2ltYWdlX3VybGdlbi5DMyJ9&amp;_nc_ohc=KtIi5fHUn6UQ7kNvwEPY62M&amp;_nc_oc=AdoctWBk9mX6AoJ5yAvxsb9d7dtL3v7pFIZUa0NsOgw9OqE4TYxhXhLsaBmEICKXuT4&amp;_nc_zt=23&amp;_nc_ht=scontent-atl3-1.cdninstagram.com&amp;edm=ANo9K5cEAAAA&amp;_nc_gid=jGOHNEs2bigEosFm0bzqwA&amp;_nc_tpa=Q5bMBQEVRStaWuC6LlLog_8ANXpKFGyNJocLjsAzPjl_51HIOcft1OJd-EULv04WMxOhSdJbmX5aFq1oYg&amp;oh=00_Af0LAp-eb8BjHhOaVTCcl293n5edP2yfjNJSgPlodIbYtg&amp;oe=69EA8CF7\"><\/a>\n                            <div class=\"eael-instafeed-item-footer\">\n                                <div class=\"clearfix\"><\/div><p class=\"eael-instafeed-caption-text\">Sim, o banco pode legalmente recusar uma proposta de negocia...<\/p><\/div>\n                        <\/div>\n                    <\/div><div class=\"eael-instafeed-item\">\n                        <div class=\"eael-instafeed-item-inner\">\n                            <header class=\"eael-instafeed-item-header clearfix\">\n                               <div class=\"eael-instafeed-item-user clearfix\"><a href=\"\/\/www.instagram.com\/britolopesadv\"><img decoding=\"async\" alt=\"Photo by britolopesadv\" src=\"https:\/\/britolopes.com.br\/wp-content\/uploads\/2025\/08\/LOGOS.png\" class=\"eael-instafeed-avatar\"><\/a><a href=\"\/\/www.instagram.com\/britolopesadv\"><p class=\"eael-instafeed-username\">britolopesadv<\/p><\/a><\/div><span class=\"eael-instafeed-icon\"><i class=\"fab fa-instagram\"><\/i><\/span><span class=\"eael-instafeed-post-time\"><i class=\"far fa-clock\"><\/i> 08 Apr 2026<\/span><\/header>\n                            <a href=\"https:\/\/www.instagram.com\/p\/DW3yBcRjWFd\/\" target=\"_blank\" class=\"eael-instafeed-item-content\">\n                                <img decoding=\"async\" alt=\"Photo by britolopesadv\" class=\"eael-instafeed-img\" src=\"https:\/\/scontent-atl3-3.cdninstagram.com\/v\/t39.30808-6\/653708909_122168868026945363_2625944587553016860_n.jpg?stp=dst-jpg_e35_tt6&amp;_nc_cat=107&amp;ccb=7-5&amp;_nc_sid=18de74&amp;efg=eyJlZmdfdGFnIjoiQ0FST1VTRUxfSVRFTS5iZXN0X2ltYWdlX3VybGdlbi5DMyJ9&amp;_nc_ohc=cH8nBbLQ3ZIQ7kNvwHyggji&amp;_nc_oc=Adpb18A6kaAtL3uArfljwTULijCYy_Zmhlm50I8LxeGABq1FMk_ix5XeAnGo3zW6zsI&amp;_nc_zt=23&amp;_nc_ht=scontent-atl3-3.cdninstagram.com&amp;edm=ANo9K5cEAAAA&amp;_nc_gid=jGOHNEs2bigEosFm0bzqwA&amp;_nc_tpa=Q5bMBQGd2apQBZ2RC7hNJpr20z_jgfyZRMIOSc53YUDDfdtxF4j8V-WJmxl9RBDT8PTcsz9sE4lRUqnMGQ&amp;oh=00_Af2SGJg0KWtFUDvEn54eQrjXBuxGgysbeJTZ1AUHWpkSIA&amp;oe=69EA95EE\"><\/a>\n                            <div class=\"eael-instafeed-item-footer\">\n                                <div class=\"clearfix\"><\/div><p class=\"eael-instafeed-caption-text\">\ud83d\udca1Do caos \u00e0 virada: a Eternit \u00e9 prova de que uma crise b...<\/p><\/div>\n                        <\/div>\n                    <\/div><div class=\"eael-instafeed-item\">\n                        <div class=\"eael-instafeed-item-inner\">\n                            <header class=\"eael-instafeed-item-header clearfix\">\n                               <div class=\"eael-instafeed-item-user clearfix\"><a href=\"\/\/www.instagram.com\/britolopesadv\"><img decoding=\"async\" alt=\"Photo by britolopesadv\" src=\"https:\/\/britolopes.com.br\/wp-content\/uploads\/2025\/08\/LOGOS.png\" class=\"eael-instafeed-avatar\"><\/a><a href=\"\/\/www.instagram.com\/britolopesadv\"><p class=\"eael-instafeed-username\">britolopesadv<\/p><\/a><\/div><span class=\"eael-instafeed-icon\"><i class=\"fab fa-instagram\"><\/i><\/span><span class=\"eael-instafeed-post-time\"><i class=\"far fa-clock\"><\/i> 05 Apr 2026<\/span><\/header>\n                            <a href=\"https:\/\/www.instagram.com\/p\/DWvvAfLjf1B\/\" target=\"_blank\" class=\"eael-instafeed-item-content\">\n                                <img decoding=\"async\" alt=\"Photo by britolopesadv\" class=\"eael-instafeed-img\" src=\"https:\/\/scontent-atl3-2.cdninstagram.com\/v\/t39.30808-6\/661343256_122171612258945363_455198357177914988_n.jpg?stp=dst-jpg_e35_tt6&amp;_nc_cat=104&amp;ccb=7-5&amp;_nc_sid=18de74&amp;efg=eyJlZmdfdGFnIjoiRkVFRC5iZXN0X2ltYWdlX3VybGdlbi5DMyJ9&amp;_nc_ohc=PH3RVapy708Q7kNvwG5oXDi&amp;_nc_oc=AdpjZBkrBXJ1aZsTWzMWX9ZL52Fy0ZxFT7fWK62mzvQVD4NEjPJCHd2Kn3NYlPVLryE&amp;_nc_zt=23&amp;_nc_ht=scontent-atl3-2.cdninstagram.com&amp;edm=ANo9K5cEAAAA&amp;_nc_gid=jGOHNEs2bigEosFm0bzqwA&amp;_nc_tpa=Q5bMBQHTw6DV9bbfInxM_A0JHVMf7ssdCzUD2Xg8RSQiLx76UUjSjwBeq7irMuJmIIeje-ihPDY1F-g86w&amp;oh=00_Af3g8p3hcJCa3K-4D_I8gSM5DgMcPZ1SgYunKbrdSqWA-A&amp;oe=69EAA8C0\"><\/a>\n                            <div class=\"eael-instafeed-item-footer\">\n                                <div class=\"clearfix\"><\/div><p class=\"eael-instafeed-caption-text\">Que o amor renas\u00e7a em cada detalhe da sua vida nesta P\u00e1sco...<\/p><\/div>\n                        <\/div>\n                    <\/div><div class=\"eael-instafeed-item\">\n                        <div class=\"eael-instafeed-item-inner\">\n                            <header class=\"eael-instafeed-item-header clearfix\">\n                               <div class=\"eael-instafeed-item-user clearfix\"><a href=\"\/\/www.instagram.com\/britolopesadv\"><img decoding=\"async\" alt=\"Photo by britolopesadv\" src=\"https:\/\/britolopes.com.br\/wp-content\/uploads\/2025\/08\/LOGOS.png\" class=\"eael-instafeed-avatar\"><\/a><a href=\"\/\/www.instagram.com\/britolopesadv\"><p class=\"eael-instafeed-username\">britolopesadv<\/p><\/a><\/div><span class=\"eael-instafeed-icon\"><i class=\"fab fa-instagram\"><\/i><\/span><span class=\"eael-instafeed-post-time\"><i class=\"far fa-clock\"><\/i> 03 Apr 2026<\/span><\/header>\n                            <a href=\"https:\/\/www.instagram.com\/p\/DWq6HpnjNsP\/\" target=\"_blank\" class=\"eael-instafeed-item-content\">\n                                <img decoding=\"async\" alt=\"Photo by britolopesadv\" class=\"eael-instafeed-img\" src=\"https:\/\/scontent-atl3-1.cdninstagram.com\/v\/t39.30808-6\/653814675_122168871302945363_1669136930643257785_n.jpg?stp=dst-jpg_e35_tt6&amp;_nc_cat=103&amp;ccb=7-5&amp;_nc_sid=18de74&amp;efg=eyJlZmdfdGFnIjoiRkVFRC5iZXN0X2ltYWdlX3VybGdlbi5DMyJ9&amp;_nc_ohc=d1rzvfLqYF4Q7kNvwFoyEUM&amp;_nc_oc=AdqDs-sUUwD7QzV36NmscJhDkkWFjgeHigPAFBIdyfdRENECJGZPaDm84hfvpWxQd9w&amp;_nc_zt=23&amp;_nc_ht=scontent-atl3-1.cdninstagram.com&amp;edm=ANo9K5cEAAAA&amp;_nc_gid=jGOHNEs2bigEosFm0bzqwA&amp;_nc_tpa=Q5bMBQEkwnc3FA4v3YvKpzUFpVMc_21qLOjruWeOtOuZkIqP3hC_npsr-wDOmMkj02tjXDuo5Z2acCcyfw&amp;oh=00_Af3PCNHW7crHFLpogpiLNj1FkiW7LXrdJMhNUYiPPgDscg&amp;oe=69EAB6B7\"><\/a>\n                            <div class=\"eael-instafeed-item-footer\">\n                                <div class=\"clearfix\"><\/div><p class=\"eael-instafeed-caption-text\">\ud83d\udd17 Voc\u00ea sabia que, ao assinar um contrato banc\u00e1rio, pode...<\/p><\/div>\n                        <\/div>\n                    <\/div><div class=\"eael-instafeed-item\">\n                        <div class=\"eael-instafeed-item-inner\">\n                            <header class=\"eael-instafeed-item-header clearfix\">\n                               <div class=\"eael-instafeed-item-user clearfix\"><a href=\"\/\/www.instagram.com\/britolopesadv\"><img decoding=\"async\" alt=\"Photo by britolopesadv\" src=\"https:\/\/britolopes.com.br\/wp-content\/uploads\/2025\/08\/LOGOS.png\" class=\"eael-instafeed-avatar\"><\/a><a href=\"\/\/www.instagram.com\/britolopesadv\"><p class=\"eael-instafeed-username\">britolopesadv<\/p><\/a><\/div><span class=\"eael-instafeed-icon\"><i class=\"fab fa-instagram\"><\/i><\/span><span class=\"eael-instafeed-post-time\"><i class=\"far fa-clock\"><\/i> 01 Apr 2026<\/span><\/header>\n                            <a href=\"https:\/\/www.instagram.com\/p\/DWlwohdiDpf\/\" target=\"_blank\" class=\"eael-instafeed-item-content\">\n                                <img decoding=\"async\" alt=\"Photo by britolopesadv\" class=\"eael-instafeed-img\" src=\"https:\/\/scontent-atl3-3.cdninstagram.com\/v\/t39.30808-6\/654211311_122168870024945363_8117398618826440833_n.jpg?stp=dst-jpg_e35_tt6&amp;_nc_cat=109&amp;ccb=7-5&amp;_nc_sid=18de74&amp;efg=eyJlZmdfdGFnIjoiRkVFRC5iZXN0X2ltYWdlX3VybGdlbi5DMyJ9&amp;_nc_ohc=kGLgV08GoUEQ7kNvwH-YoDb&amp;_nc_oc=AdqX6TvIiF1Ws2tZKbdI2c6U9_94AkIxA4gfZe7lerrXYhQoxZlLPM3T-Lbizm55vK8&amp;_nc_zt=23&amp;_nc_ht=scontent-atl3-3.cdninstagram.com&amp;edm=ANo9K5cEAAAA&amp;_nc_gid=jGOHNEs2bigEosFm0bzqwA&amp;_nc_tpa=Q5bMBQGUfzD9LhWWbGI3uGaTsPtjsMeeX0UcD5_SurvBUKXaARXMCV_Z89mejDm-eyVxiYEK8Ry4U2iVbg&amp;oh=00_Af17BoDiSBu9evAuMRGNenXHTKxMfIxsq4fnsczT8NIudw&amp;oe=69EAB368\"><\/a>\n                            <div class=\"eael-instafeed-item-footer\">\n                                <div class=\"clearfix\"><\/div><p class=\"eael-instafeed-caption-text\">Voc\u00ea renegocia para aliviar, mas quando v\u00ea\u2026 a d\u00edvida cr...<\/p><\/div>\n                        <\/div>\n                    <\/div><div class=\"eael-instafeed-item\">\n                        <div class=\"eael-instafeed-item-inner\">\n                            <header class=\"eael-instafeed-item-header clearfix\">\n                               <div class=\"eael-instafeed-item-user clearfix\"><a href=\"\/\/www.instagram.com\/britolopesadv\"><img decoding=\"async\" alt=\"Photo by britolopesadv\" src=\"https:\/\/britolopes.com.br\/wp-content\/uploads\/2025\/08\/LOGOS.png\" class=\"eael-instafeed-avatar\"><\/a><a href=\"\/\/www.instagram.com\/britolopesadv\"><p class=\"eael-instafeed-username\">britolopesadv<\/p><\/a><\/div><span class=\"eael-instafeed-icon\"><i class=\"fab fa-instagram\"><\/i><\/span><span class=\"eael-instafeed-post-time\"><i class=\"far fa-clock\"><\/i> 30 Mar 2026<\/span><\/header>\n                            <a href=\"https:\/\/www.instagram.com\/reel\/DWhQWXQkj4U\/\" target=\"_blank\" class=\"eael-instafeed-item-content\">\n                                <img decoding=\"async\" alt=\"Photo by britolopesadv\" class=\"eael-instafeed-img\" src=\"https:\/\/scontent-atl3-2.cdninstagram.com\/v\/t51.82787-15\/657751988_17880486510536511_1818933464158851770_n.jpg?stp=dst-jpg_e35_tt6&amp;_nc_cat=104&amp;ccb=7-5&amp;_nc_sid=18de74&amp;efg=eyJlZmdfdGFnIjoiQ0xJUFMuYmVzdF9pbWFnZV91cmxnZW4uQzMifQ%3D%3D&amp;_nc_ohc=valLZ4efEe4Q7kNvwGTOW9f&amp;_nc_oc=AdoBe7H6uq8iRY21CDEt_T9FD115gA2UvXnktvzzzS4y8L1HSbEQggekNy5uUHuQ740&amp;_nc_zt=23&amp;_nc_ht=scontent-atl3-2.cdninstagram.com&amp;edm=ANo9K5cEAAAA&amp;_nc_gid=jGOHNEs2bigEosFm0bzqwA&amp;_nc_tpa=Q5bMBQElSy2AjE4-YUxtatLvznRJ3eJfCvfh88ItYDxIdPmvnlV0cuDwVYlwn9GZQrwraie3TFo9LV45cg&amp;oh=00_Af3pbx4j_I7a_c9V0LvqivrsUyPiObs3S4kS6Fuxg0r3Kw&amp;oe=69EA8D83\"><\/a>\n                            <div class=\"eael-instafeed-item-footer\">\n                                <div class=\"clearfix\"><\/div><p class=\"eael-instafeed-caption-text\">Voc\u00ea sabia que, ao renegociar d\u00edvidas com aliena\u00e7\u00e3o fidu...<\/p><\/div>\n                        <\/div>\n                    <\/div><div class=\"eael-instafeed-item\">\n                        <div class=\"eael-instafeed-item-inner\">\n                            <header class=\"eael-instafeed-item-header clearfix\">\n                               <div class=\"eael-instafeed-item-user clearfix\"><a href=\"\/\/www.instagram.com\/britolopesadv\"><img decoding=\"async\" alt=\"Photo by britolopesadv\" src=\"https:\/\/britolopes.com.br\/wp-content\/uploads\/2025\/08\/LOGOS.png\" class=\"eael-instafeed-avatar\"><\/a><a href=\"\/\/www.instagram.com\/britolopesadv\"><p class=\"eael-instafeed-username\">britolopesadv<\/p><\/a><\/div><span class=\"eael-instafeed-icon\"><i class=\"fab fa-instagram\"><\/i><\/span><span class=\"eael-instafeed-post-time\"><i class=\"far fa-clock\"><\/i> 27 Mar 2026<\/span><\/header>\n                            <a href=\"https:\/\/www.instagram.com\/p\/DWY4zahDWoE\/\" target=\"_blank\" class=\"eael-instafeed-item-content\">\n                                <img decoding=\"async\" alt=\"Photo by britolopesadv\" class=\"eael-instafeed-img\" src=\"https:\/\/scontent-atl3-2.cdninstagram.com\/v\/t39.30808-6\/658561468_122170175804945363_7226143819088502875_n.jpg?stp=dst-jpg_e35_tt6&amp;_nc_cat=101&amp;ccb=7-5&amp;_nc_sid=18de74&amp;efg=eyJlZmdfdGFnIjoiQ0FST1VTRUxfSVRFTS5iZXN0X2ltYWdlX3VybGdlbi5DMyJ9&amp;_nc_ohc=iomr2Yel_AUQ7kNvwGp1Oq_&amp;_nc_oc=AdotFCGxlWIY36WHhB7YoYW7IhDWQfwWHFQCgUJ1ZWA3G3gZo75eooPy21e4WTJovTY&amp;_nc_zt=23&amp;_nc_ht=scontent-atl3-2.cdninstagram.com&amp;edm=ANo9K5cEAAAA&amp;_nc_gid=jGOHNEs2bigEosFm0bzqwA&amp;_nc_tpa=Q5bMBQH98jrVS2vZgC-zwCIg-EJFr7rQvZrmb0FyN7GoATz19O0oUeHzfwmhOQhkyzTICyLzXJo4Xnr3eA&amp;oh=00_Af2dlQhtOKlx05D_D3VrLOCO8fm5SkzyZZ1clX4S_84nIQ&amp;oe=69EA9DB2\"><\/a>\n                            <div class=\"eael-instafeed-item-footer\">\n                                <div class=\"clearfix\"><\/div><p class=\"eael-instafeed-caption-text\">Muitos pais n\u00e3o sabem, mas a lei brasileira reconhece o dev...<\/p><\/div>\n                        <\/div>\n                    <\/div><div class=\"eael-instafeed-item\">\n                        <div class=\"eael-instafeed-item-inner\">\n                            <header class=\"eael-instafeed-item-header clearfix\">\n                               <div class=\"eael-instafeed-item-user clearfix\"><a href=\"\/\/www.instagram.com\/britolopesadv\"><img decoding=\"async\" alt=\"Photo by britolopesadv\" src=\"https:\/\/britolopes.com.br\/wp-content\/uploads\/2025\/08\/LOGOS.png\" class=\"eael-instafeed-avatar\"><\/a><a href=\"\/\/www.instagram.com\/britolopesadv\"><p class=\"eael-instafeed-username\">britolopesadv<\/p><\/a><\/div><span class=\"eael-instafeed-icon\"><i class=\"fab fa-instagram\"><\/i><\/span><span class=\"eael-instafeed-post-time\"><i class=\"far fa-clock\"><\/i> 25 Mar 2026<\/span><\/header>\n                            <a href=\"https:\/\/www.instagram.com\/reel\/DWTpOPGE2hC\/\" target=\"_blank\" class=\"eael-instafeed-item-content\">\n                                <img decoding=\"async\" alt=\"Photo by britolopesadv\" class=\"eael-instafeed-img\" src=\"https:\/\/scontent-atl3-1.cdninstagram.com\/v\/t51.82787-15\/656422085_17879556135536511_4326639585892408896_n.jpg?stp=dst-jpg_e35_tt6&amp;_nc_cat=100&amp;ccb=7-5&amp;_nc_sid=18de74&amp;efg=eyJlZmdfdGFnIjoiQ0xJUFMuYmVzdF9pbWFnZV91cmxnZW4uQzMifQ%3D%3D&amp;_nc_ohc=D5apA6CBIEcQ7kNvwGOjeMT&amp;_nc_oc=AdpPY5ZPRxNxAF4AYNu8FifYTtgfuPBIIa5AWZh3j4gW-yGAtguaskuzcHvaDU_7VRc&amp;_nc_zt=23&amp;_nc_ht=scontent-atl3-1.cdninstagram.com&amp;edm=ANo9K5cEAAAA&amp;_nc_gid=jGOHNEs2bigEosFm0bzqwA&amp;_nc_tpa=Q5bMBQGtWyMERBB9N0O1x10i4gLkw6MSrEy8BDzQZ8DFQUPbEFP36VyHy9tPA-vVxCGaWsbzaGPvRsecDw&amp;oh=00_Af3977Y0jVyoJXrhMOq9hG4IYDfeQzPK9cTDlXO7QpaDsQ&amp;oe=69EA961B\"><\/a>\n                            <div class=\"eael-instafeed-item-footer\">\n                                <div class=\"clearfix\"><\/div><p class=\"eael-instafeed-caption-text\">\ud83d\udcca Em momentos de dificuldade financeira, a tomada de deci...<\/p><\/div>\n                        <\/div>\n                    <\/div><div class=\"eael-instafeed-item\">\n                        <div class=\"eael-instafeed-item-inner\">\n                            <header class=\"eael-instafeed-item-header clearfix\">\n                               <div class=\"eael-instafeed-item-user clearfix\"><a href=\"\/\/www.instagram.com\/britolopesadv\"><img decoding=\"async\" alt=\"Photo by britolopesadv\" src=\"https:\/\/britolopes.com.br\/wp-content\/uploads\/2025\/08\/LOGOS.png\" class=\"eael-instafeed-avatar\"><\/a><a href=\"\/\/www.instagram.com\/britolopesadv\"><p class=\"eael-instafeed-username\">britolopesadv<\/p><\/a><\/div><span class=\"eael-instafeed-icon\"><i class=\"fab fa-instagram\"><\/i><\/span><span class=\"eael-instafeed-post-time\"><i class=\"far fa-clock\"><\/i> 23 Mar 2026<\/span><\/header>\n                            <a href=\"https:\/\/www.instagram.com\/reel\/DWOk1BsFZIx\/\" target=\"_blank\" class=\"eael-instafeed-item-content\">\n                                <img decoding=\"async\" alt=\"Photo by britolopesadv\" class=\"eael-instafeed-img\" src=\"https:\/\/scontent-atl3-2.cdninstagram.com\/v\/t51.82787-15\/657199473_17879188929536511_2221119007827417778_n.jpg?stp=dst-jpg_e35_tt6&amp;_nc_cat=104&amp;ccb=7-5&amp;_nc_sid=18de74&amp;efg=eyJlZmdfdGFnIjoiQ0xJUFMuYmVzdF9pbWFnZV91cmxnZW4uQzMifQ%3D%3D&amp;_nc_ohc=sTPr8U3P15MQ7kNvwHFvcHF&amp;_nc_oc=Adq34rk8VahG4O9y7vk_dI8p_qKLEBQ0CEMgDchyOiNIazsvEGSuxHc60beZKuDl0a0&amp;_nc_zt=23&amp;_nc_ht=scontent-atl3-2.cdninstagram.com&amp;edm=ANo9K5cEAAAA&amp;_nc_gid=jGOHNEs2bigEosFm0bzqwA&amp;_nc_tpa=Q5bMBQEZZ7sq-yZPhkFn28HmcKsXgAdh6A--VhA1tElpRg4vFPkP38MGyJWgC3IMdqgeagMFqR1dx6lapw&amp;oh=00_Af2IkY3UB4yTfvbMJBqaPz5_KbZjpjs-Vdo6VJCceNDeCw&amp;oe=69EAB0EF\"><\/a>\n                            <div class=\"eael-instafeed-item-footer\">\n                                <div class=\"clearfix\"><\/div><p class=\"eael-instafeed-caption-text\">Quando uma d\u00edvida empresarial \u00e9 vendida para outro banco o...<\/p><\/div>\n                        <\/div>\n                    <\/div>        <\/div>\n        <div class=\"clearfix\"><\/div>\n\n                    <div class=\"eael-load-more-button-wrap\">\n                <button class=\"eael-load-more-button\" id=\"eael-load-more-btn-fd34f8f\" data-widget-id=\"fd34f8f\" data-post-id=\"1055\" data-page=\"1\">\n                    <div class=\"eael-btn-loader button__loader\"><\/div>\n                    <span>Ver Mais<\/span>\n                <\/button>\n            <\/div>\n            \t\t\t\t<\/div>\n\t\t\t\t<\/div>\n\t\t\t\t\t<\/div>\n\t\t\t\t<\/div>\n\t\t\t\t<\/div>\n\t\t","protected":false},"excerpt":{"rendered":"<p>Fale com a gente Contato Constru\u00edmos solu\u00e7\u00f5es jur\u00eddicas em conjunto com nossos clientes. O primeiro passo come\u00e7a aqui. Ative o JavaScript no seu navegador para preencher este formul\u00e1rio.Ative o JavaScript no seu navegador para preencher este formul\u00e1rio.Nome *E-mail *Telefone Mensagem Enviar<\/p>\n","protected":false},"author":1,"featured_media":0,"parent":0,"menu_order":0,"comment_status":"closed","ping_status":"closed","template":"","meta":{"_joinchat":[],"footnotes":""},"class_list":["post-1055","page","type-page","status-publish","hentry"],"_links":{"self":[{"href":"https:\/\/britolopes.com.br\/index.php?rest_route=\/wp\/v2\/pages\/1055","targetHints":{"allow":["GET"]}}],"collection":[{"href":"https:\/\/britolopes.com.br\/index.php?rest_route=\/wp\/v2\/pages"}],"about":[{"href":"https:\/\/britolopes.com.br\/index.php?rest_route=\/wp\/v2\/types\/page"}],"author":[{"embeddable":true,"href":"https:\/\/britolopes.com.br\/index.php?rest_route=\/wp\/v2\/users\/1"}],"replies":[{"embeddable":true,"href":"https:\/\/britolopes.com.br\/index.php?rest_route=%2Fwp%2Fv2%2Fcomments&post=1055"}],"version-history":[{"count":16,"href":"https:\/\/britolopes.com.br\/index.php?rest_route=\/wp\/v2\/pages\/1055\/revisions"}],"predecessor-version":[{"id":1151,"href":"https:\/\/britolopes.com.br\/index.php?rest_route=\/wp\/v2\/pages\/1055\/revisions\/1151"}],"wp:attachment":[{"href":"https:\/\/britolopes.com.br\/index.php?rest_route=%2Fwp%2Fv2%2Fmedia&parent=1055"}],"curies":[{"name":"wp","href":"https:\/\/api.w.org\/{rel}","templated":true}]}}